{"id":41294,"date":"2022-04-13T12:05:08","date_gmt":"2022-04-13T11:05:08","guid":{"rendered":"https:\/\/www.clairfield.com\/accueil\/"},"modified":"2026-03-24T14:00:18","modified_gmt":"2026-03-24T13:00:18","slug":"accueil","status":"publish","type":"page","link":"https:\/\/www.clairfield.com\/fr\/","title":{"rendered":"Accueil"},"content":{"rendered":"","protected":false},"excerpt":{"rendered":"","protected":false},"author":1,"featured_media":0,"parent":0,"menu_order":0,"comment_status":"closed","ping_status":"closed","template":"template-builder.blade.php","meta":{"_acf_changed":false,"footnotes":""},"class_list":["post-41294","page","type-page","status-publish","hentry"],"acf":[],"yoast_head":"<!-- This site is optimized with the Yoast SEO plugin v27.2 - https:\/\/yoast.com\/product\/yoast-seo-wordpress\/ -->\n<title>Accueil - Clairfield<\/title>\n<meta name=\"description\" content=\"Accompagnement sur-mesure d&#039;op\u00e9rations financi\u00e8res et strat\u00e9giques \u2013 notre mission : votre r\u00e9ussite.\" \/>\n<meta name=\"robots\" content=\"index, follow, max-snippet:-1, max-image-preview:large, max-video-preview:-1\" \/>\n<link rel=\"canonical\" href=\"https:\/\/www.clairfield.com\/fr\/\" \/>\n<meta property=\"og:locale\" content=\"fr_FR\" \/>\n<meta property=\"og:type\" content=\"article\" \/>\n<meta property=\"og:title\" content=\"Accueil - Clairfield\" \/>\n<meta property=\"og:description\" content=\"Accompagnement sur-mesure d&#039;op\u00e9rations financi\u00e8res et strat\u00e9giques \u2013 notre mission : votre r\u00e9ussite.\" \/>\n<meta property=\"og:url\" content=\"https:\/\/www.clairfield.com\/fr\/\" \/>\n<meta property=\"og:site_name\" content=\"Clairfield\" \/>\n<meta property=\"article:modified_time\" content=\"2026-03-24T13:00:18+00:00\" \/>\n<meta property=\"og:image\" content=\"https:\/\/www.clairfield.com\/wp-content\/uploads\/2022\/07\/Defined-by-your-success.jpg\" \/>\n\t<meta property=\"og:image:width\" content=\"1210\" \/>\n\t<meta property=\"og:image:height\" content=\"605\" \/>\n\t<meta property=\"og:image:type\" content=\"image\/jpeg\" \/>\n<meta name=\"twitter:card\" content=\"summary_large_image\" \/>\n<script type=\"application\/ld+json\" class=\"yoast-schema-graph\">{\"@context\":\"https:\/\/schema.org\",\"@graph\":[{\"@type\":\"WebPage\",\"@id\":\"https:\/\/www.clairfield.com\/fr\/\",\"url\":\"https:\/\/www.clairfield.com\/fr\/\",\"name\":\"Accueil - Clairfield\",\"isPartOf\":{\"@id\":\"https:\/\/www.clairfield.com\/#website\"},\"datePublished\":\"2022-04-13T11:05:08+00:00\",\"dateModified\":\"2026-03-24T13:00:18+00:00\",\"description\":\"Accompagnement sur-mesure d'op\u00e9rations financi\u00e8res et strat\u00e9giques \u2013 notre mission : votre r\u00e9ussite.\",\"breadcrumb\":{\"@id\":\"https:\/\/www.clairfield.com\/fr\/#breadcrumb\"},\"inLanguage\":\"fr-FR\",\"potentialAction\":[{\"@type\":\"ReadAction\",\"target\":[\"https:\/\/www.clairfield.com\/fr\/\"]}]},{\"@type\":\"BreadcrumbList\",\"@id\":\"https:\/\/www.clairfield.com\/fr\/#breadcrumb\",\"itemListElement\":[{\"@type\":\"ListItem\",\"position\":1,\"name\":\"Home\",\"item\":\"https:\/\/www.clairfield.com\/fr\/\"},{\"@type\":\"ListItem\",\"position\":2,\"name\":\"Accueil\"}]},{\"@type\":\"WebSite\",\"@id\":\"https:\/\/www.clairfield.com\/#website\",\"url\":\"https:\/\/www.clairfield.com\/\",\"name\":\"Clairfield\",\"description\":\"Defined by your success\",\"publisher\":{\"@id\":\"https:\/\/www.clairfield.com\/#organization\"},\"potentialAction\":[{\"@type\":\"SearchAction\",\"target\":{\"@type\":\"EntryPoint\",\"urlTemplate\":\"https:\/\/www.clairfield.com\/?s={search_term_string}\"},\"query-input\":{\"@type\":\"PropertyValueSpecification\",\"valueRequired\":true,\"valueName\":\"search_term_string\"}}],\"inLanguage\":\"fr-FR\"},{\"@type\":\"Organization\",\"@id\":\"https:\/\/www.clairfield.com\/#organization\",\"name\":\"Clairfield\",\"url\":\"https:\/\/www.clairfield.com\/\",\"logo\":{\"@type\":\"ImageObject\",\"inLanguage\":\"fr-FR\",\"@id\":\"https:\/\/www.clairfield.com\/#\/schema\/logo\/image\/\",\"url\":\"https:\/\/www.clairfield.com\/wp-content\/uploads\/2022\/07\/Clairfield_Light.png\",\"contentUrl\":\"https:\/\/www.clairfield.com\/wp-content\/uploads\/2022\/07\/Clairfield_Light.png\",\"width\":6393,\"height\":1182,\"caption\":\"Clairfield\"},\"image\":{\"@id\":\"https:\/\/www.clairfield.com\/#\/schema\/logo\/image\/\"}}]}<\/script>\n<!-- \/ Yoast SEO plugin. -->","yoast_head_json":{"title":"Accueil - Clairfield","description":"Accompagnement sur-mesure d'op\u00e9rations financi\u00e8res et strat\u00e9giques \u2013 notre mission : votre r\u00e9ussite.","robots":{"index":"index","follow":"follow","max-snippet":"max-snippet:-1","max-image-preview":"max-image-preview:large","max-video-preview":"max-video-preview:-1"},"canonical":"https:\/\/www.clairfield.com\/fr\/","og_locale":"fr_FR","og_type":"article","og_title":"Accueil - Clairfield","og_description":"Accompagnement sur-mesure d'op\u00e9rations financi\u00e8res et strat\u00e9giques \u2013 notre mission : votre r\u00e9ussite.","og_url":"https:\/\/www.clairfield.com\/fr\/","og_site_name":"Clairfield","article_modified_time":"2026-03-24T13:00:18+00:00","og_image":[{"width":1210,"height":605,"url":"https:\/\/www.clairfield.com\/wp-content\/uploads\/2022\/07\/Defined-by-your-success.jpg","type":"image\/jpeg"}],"twitter_card":"summary_large_image","schema":{"@context":"https:\/\/schema.org","@graph":[{"@type":"WebPage","@id":"https:\/\/www.clairfield.com\/fr\/","url":"https:\/\/www.clairfield.com\/fr\/","name":"Accueil - Clairfield","isPartOf":{"@id":"https:\/\/www.clairfield.com\/#website"},"datePublished":"2022-04-13T11:05:08+00:00","dateModified":"2026-03-24T13:00:18+00:00","description":"Accompagnement sur-mesure d'op\u00e9rations financi\u00e8res et strat\u00e9giques \u2013 notre mission : votre r\u00e9ussite.","breadcrumb":{"@id":"https:\/\/www.clairfield.com\/fr\/#breadcrumb"},"inLanguage":"fr-FR","potentialAction":[{"@type":"ReadAction","target":["https:\/\/www.clairfield.com\/fr\/"]}]},{"@type":"BreadcrumbList","@id":"https:\/\/www.clairfield.com\/fr\/#breadcrumb","itemListElement":[{"@type":"ListItem","position":1,"name":"Home","item":"https:\/\/www.clairfield.com\/fr\/"},{"@type":"ListItem","position":2,"name":"Accueil"}]},{"@type":"WebSite","@id":"https:\/\/www.clairfield.com\/#website","url":"https:\/\/www.clairfield.com\/","name":"Clairfield","description":"Defined by your success","publisher":{"@id":"https:\/\/www.clairfield.com\/#organization"},"potentialAction":[{"@type":"SearchAction","target":{"@type":"EntryPoint","urlTemplate":"https:\/\/www.clairfield.com\/?s={search_term_string}"},"query-input":{"@type":"PropertyValueSpecification","valueRequired":true,"valueName":"search_term_string"}}],"inLanguage":"fr-FR"},{"@type":"Organization","@id":"https:\/\/www.clairfield.com\/#organization","name":"Clairfield","url":"https:\/\/www.clairfield.com\/","logo":{"@type":"ImageObject","inLanguage":"fr-FR","@id":"https:\/\/www.clairfield.com\/#\/schema\/logo\/image\/","url":"https:\/\/www.clairfield.com\/wp-content\/uploads\/2022\/07\/Clairfield_Light.png","contentUrl":"https:\/\/www.clairfield.com\/wp-content\/uploads\/2022\/07\/Clairfield_Light.png","width":6393,"height":1182,"caption":"Clairfield"},"image":{"@id":"https:\/\/www.clairfield.com\/#\/schema\/logo\/image\/"}}]}},"_links":{"self":[{"href":"https:\/\/www.clairfield.com\/fr\/wp-json\/wp\/v2\/pages\/41294","targetHints":{"allow":["GET"]}}],"collection":[{"href":"https:\/\/www.clairfield.com\/fr\/wp-json\/wp\/v2\/pages"}],"about":[{"href":"https:\/\/www.clairfield.com\/fr\/wp-json\/wp\/v2\/types\/page"}],"author":[{"embeddable":true,"href":"https:\/\/www.clairfield.com\/fr\/wp-json\/wp\/v2\/users\/1"}],"replies":[{"embeddable":true,"href":"https:\/\/www.clairfield.com\/fr\/wp-json\/wp\/v2\/comments?post=41294"}],"version-history":[{"count":4,"href":"https:\/\/www.clairfield.com\/fr\/wp-json\/wp\/v2\/pages\/41294\/revisions"}],"predecessor-version":[{"id":72220,"href":"https:\/\/www.clairfield.com\/fr\/wp-json\/wp\/v2\/pages\/41294\/revisions\/72220"}],"wp:attachment":[{"href":"https:\/\/www.clairfield.com\/fr\/wp-json\/wp\/v2\/media?parent=41294"}],"curies":[{"name":"wp","href":"https:\/\/api.w.org\/{rel}","templated":true}]}}