{"id":52632,"date":"2022-05-23T14:51:41","date_gmt":"2022-05-23T13:51:41","guid":{"rendered":"https:\/\/www.clairfield.com\/fusies-en-overnames\/"},"modified":"2022-12-12T16:16:27","modified_gmt":"2022-12-12T16:16:27","slug":"fusies-en-overnames","status":"publish","type":"page","link":"https:\/\/www.clairfield.com\/nl\/diensten\/fusies-en-overnames\/","title":{"rendered":"M&amp;A advisory"},"content":{"rendered":"","protected":false},"excerpt":{"rendered":"","protected":false},"author":1,"featured_media":0,"parent":52659,"menu_order":0,"comment_status":"closed","ping_status":"closed","template":"template-builder.blade.php","meta":{"_acf_changed":false,"footnotes":""},"class_list":["post-52632","page","type-page","status-publish","hentry"],"acf":[],"yoast_head":"<!-- This site is optimized with the Yoast SEO plugin v27.4 - https:\/\/yoast.com\/product\/yoast-seo-wordpress\/ -->\n<title>M&amp;A advisory - Clairfield<\/title>\n<meta name=\"description\" content=\"Clairfield structureert en begeleidt fusies en overnames. Op basis van een helder plan van aanpak doorlopen wij samen met onze cli\u00ebnten de verschillende stadia van een transactie, vari\u00ebrend van het opstellen van transactiedocumentatie, de co\u00f6rdinatie van onderhandelingen en due diligence tot de effectieve closing van de deal.\" \/>\n<meta name=\"robots\" content=\"index, follow, max-snippet:-1, max-image-preview:large, max-video-preview:-1\" \/>\n<link rel=\"canonical\" href=\"https:\/\/www.clairfield.com\/nl\/diensten\/fusies-en-overnames\/\" \/>\n<meta property=\"og:locale\" content=\"nl_NL\" \/>\n<meta property=\"og:type\" content=\"article\" \/>\n<meta property=\"og:title\" content=\"M&amp;A advisory - Clairfield\" \/>\n<meta property=\"og:description\" content=\"Clairfield structureert en begeleidt fusies en overnames. Op basis van een helder plan van aanpak doorlopen wij samen met onze cli\u00ebnten de verschillende stadia van een transactie, vari\u00ebrend van het opstellen van transactiedocumentatie, de co\u00f6rdinatie van onderhandelingen en due diligence tot de effectieve closing van de deal.\" \/>\n<meta property=\"og:url\" content=\"https:\/\/www.clairfield.com\/nl\/diensten\/fusies-en-overnames\/\" \/>\n<meta property=\"og:site_name\" content=\"Clairfield\" \/>\n<meta property=\"article:modified_time\" content=\"2022-12-12T16:16:27+00:00\" \/>\n<meta property=\"og:image\" content=\"https:\/\/www.clairfield.com\/wp-content\/uploads\/2022\/07\/Defined-by-your-success.jpg\" \/>\n\t<meta property=\"og:image:width\" content=\"1210\" \/>\n\t<meta property=\"og:image:height\" content=\"605\" \/>\n\t<meta property=\"og:image:type\" content=\"image\/jpeg\" \/>\n<meta name=\"twitter:card\" content=\"summary_large_image\" \/>\n<script type=\"application\/ld+json\" class=\"yoast-schema-graph\">{\"@context\":\"https:\\\/\\\/schema.org\",\"@graph\":[{\"@type\":\"WebPage\",\"@id\":\"https:\\\/\\\/www.clairfield.com\\\/nl\\\/diensten\\\/fusies-en-overnames\\\/\",\"url\":\"https:\\\/\\\/www.clairfield.com\\\/nl\\\/diensten\\\/fusies-en-overnames\\\/\",\"name\":\"M&amp;A advisory - Clairfield\",\"isPartOf\":{\"@id\":\"https:\\\/\\\/www.clairfield.com\\\/#website\"},\"datePublished\":\"2022-05-23T13:51:41+00:00\",\"dateModified\":\"2022-12-12T16:16:27+00:00\",\"description\":\"Clairfield structureert en begeleidt fusies en overnames. Op basis van een helder plan van aanpak doorlopen wij samen met onze cli\u00ebnten de verschillende stadia van een transactie, vari\u00ebrend van het opstellen van transactiedocumentatie, de co\u00f6rdinatie van onderhandelingen en due diligence tot de effectieve closing van de deal.\",\"breadcrumb\":{\"@id\":\"https:\\\/\\\/www.clairfield.com\\\/nl\\\/diensten\\\/fusies-en-overnames\\\/#breadcrumb\"},\"inLanguage\":\"nl-NL\",\"potentialAction\":[{\"@type\":\"ReadAction\",\"target\":[\"https:\\\/\\\/www.clairfield.com\\\/nl\\\/diensten\\\/fusies-en-overnames\\\/\"]}]},{\"@type\":\"BreadcrumbList\",\"@id\":\"https:\\\/\\\/www.clairfield.com\\\/nl\\\/diensten\\\/fusies-en-overnames\\\/#breadcrumb\",\"itemListElement\":[{\"@type\":\"ListItem\",\"position\":1,\"name\":\"Home\",\"item\":\"https:\\\/\\\/www.clairfield.com\\\/nl\\\/\"},{\"@type\":\"ListItem\",\"position\":2,\"name\":\"Diensten\",\"item\":\"https:\\\/\\\/www.clairfield.com\\\/nl\\\/diensten\\\/\"},{\"@type\":\"ListItem\",\"position\":3,\"name\":\"M&amp;A advisory\"}]},{\"@type\":\"WebSite\",\"@id\":\"https:\\\/\\\/www.clairfield.com\\\/#website\",\"url\":\"https:\\\/\\\/www.clairfield.com\\\/\",\"name\":\"Clairfield\",\"description\":\"Defined by your success\",\"publisher\":{\"@id\":\"https:\\\/\\\/www.clairfield.com\\\/#organization\"},\"potentialAction\":[{\"@type\":\"SearchAction\",\"target\":{\"@type\":\"EntryPoint\",\"urlTemplate\":\"https:\\\/\\\/www.clairfield.com\\\/?s={search_term_string}\"},\"query-input\":{\"@type\":\"PropertyValueSpecification\",\"valueRequired\":true,\"valueName\":\"search_term_string\"}}],\"inLanguage\":\"nl-NL\"},{\"@type\":\"Organization\",\"@id\":\"https:\\\/\\\/www.clairfield.com\\\/#organization\",\"name\":\"Clairfield\",\"url\":\"https:\\\/\\\/www.clairfield.com\\\/\",\"logo\":{\"@type\":\"ImageObject\",\"inLanguage\":\"nl-NL\",\"@id\":\"https:\\\/\\\/www.clairfield.com\\\/#\\\/schema\\\/logo\\\/image\\\/\",\"url\":\"https:\\\/\\\/www.clairfield.com\\\/wp-content\\\/uploads\\\/2022\\\/07\\\/Clairfield_Light.png\",\"contentUrl\":\"https:\\\/\\\/www.clairfield.com\\\/wp-content\\\/uploads\\\/2022\\\/07\\\/Clairfield_Light.png\",\"width\":6393,\"height\":1182,\"caption\":\"Clairfield\"},\"image\":{\"@id\":\"https:\\\/\\\/www.clairfield.com\\\/#\\\/schema\\\/logo\\\/image\\\/\"}}]}<\/script>\n<!-- \/ Yoast SEO plugin. -->","yoast_head_json":{"title":"M&amp;A advisory - Clairfield","description":"Clairfield structureert en begeleidt fusies en overnames. Op basis van een helder plan van aanpak doorlopen wij samen met onze cli\u00ebnten de verschillende stadia van een transactie, vari\u00ebrend van het opstellen van transactiedocumentatie, de co\u00f6rdinatie van onderhandelingen en due diligence tot de effectieve closing van de deal.","robots":{"index":"index","follow":"follow","max-snippet":"max-snippet:-1","max-image-preview":"max-image-preview:large","max-video-preview":"max-video-preview:-1"},"canonical":"https:\/\/www.clairfield.com\/nl\/diensten\/fusies-en-overnames\/","og_locale":"nl_NL","og_type":"article","og_title":"M&amp;A advisory - Clairfield","og_description":"Clairfield structureert en begeleidt fusies en overnames. Op basis van een helder plan van aanpak doorlopen wij samen met onze cli\u00ebnten de verschillende stadia van een transactie, vari\u00ebrend van het opstellen van transactiedocumentatie, de co\u00f6rdinatie van onderhandelingen en due diligence tot de effectieve closing van de deal.","og_url":"https:\/\/www.clairfield.com\/nl\/diensten\/fusies-en-overnames\/","og_site_name":"Clairfield","article_modified_time":"2022-12-12T16:16:27+00:00","og_image":[{"width":1210,"height":605,"url":"https:\/\/www.clairfield.com\/wp-content\/uploads\/2022\/07\/Defined-by-your-success.jpg","type":"image\/jpeg"}],"twitter_card":"summary_large_image","schema":{"@context":"https:\/\/schema.org","@graph":[{"@type":"WebPage","@id":"https:\/\/www.clairfield.com\/nl\/diensten\/fusies-en-overnames\/","url":"https:\/\/www.clairfield.com\/nl\/diensten\/fusies-en-overnames\/","name":"M&amp;A advisory - Clairfield","isPartOf":{"@id":"https:\/\/www.clairfield.com\/#website"},"datePublished":"2022-05-23T13:51:41+00:00","dateModified":"2022-12-12T16:16:27+00:00","description":"Clairfield structureert en begeleidt fusies en overnames. Op basis van een helder plan van aanpak doorlopen wij samen met onze cli\u00ebnten de verschillende stadia van een transactie, vari\u00ebrend van het opstellen van transactiedocumentatie, de co\u00f6rdinatie van onderhandelingen en due diligence tot de effectieve closing van de deal.","breadcrumb":{"@id":"https:\/\/www.clairfield.com\/nl\/diensten\/fusies-en-overnames\/#breadcrumb"},"inLanguage":"nl-NL","potentialAction":[{"@type":"ReadAction","target":["https:\/\/www.clairfield.com\/nl\/diensten\/fusies-en-overnames\/"]}]},{"@type":"BreadcrumbList","@id":"https:\/\/www.clairfield.com\/nl\/diensten\/fusies-en-overnames\/#breadcrumb","itemListElement":[{"@type":"ListItem","position":1,"name":"Home","item":"https:\/\/www.clairfield.com\/nl\/"},{"@type":"ListItem","position":2,"name":"Diensten","item":"https:\/\/www.clairfield.com\/nl\/diensten\/"},{"@type":"ListItem","position":3,"name":"M&amp;A advisory"}]},{"@type":"WebSite","@id":"https:\/\/www.clairfield.com\/#website","url":"https:\/\/www.clairfield.com\/","name":"Clairfield","description":"Defined by your success","publisher":{"@id":"https:\/\/www.clairfield.com\/#organization"},"potentialAction":[{"@type":"SearchAction","target":{"@type":"EntryPoint","urlTemplate":"https:\/\/www.clairfield.com\/?s={search_term_string}"},"query-input":{"@type":"PropertyValueSpecification","valueRequired":true,"valueName":"search_term_string"}}],"inLanguage":"nl-NL"},{"@type":"Organization","@id":"https:\/\/www.clairfield.com\/#organization","name":"Clairfield","url":"https:\/\/www.clairfield.com\/","logo":{"@type":"ImageObject","inLanguage":"nl-NL","@id":"https:\/\/www.clairfield.com\/#\/schema\/logo\/image\/","url":"https:\/\/www.clairfield.com\/wp-content\/uploads\/2022\/07\/Clairfield_Light.png","contentUrl":"https:\/\/www.clairfield.com\/wp-content\/uploads\/2022\/07\/Clairfield_Light.png","width":6393,"height":1182,"caption":"Clairfield"},"image":{"@id":"https:\/\/www.clairfield.com\/#\/schema\/logo\/image\/"}}]}},"_links":{"self":[{"href":"https:\/\/www.clairfield.com\/nl\/wp-json\/wp\/v2\/pages\/52632","targetHints":{"allow":["GET"]}}],"collection":[{"href":"https:\/\/www.clairfield.com\/nl\/wp-json\/wp\/v2\/pages"}],"about":[{"href":"https:\/\/www.clairfield.com\/nl\/wp-json\/wp\/v2\/types\/page"}],"author":[{"embeddable":true,"href":"https:\/\/www.clairfield.com\/nl\/wp-json\/wp\/v2\/users\/1"}],"replies":[{"embeddable":true,"href":"https:\/\/www.clairfield.com\/nl\/wp-json\/wp\/v2\/comments?post=52632"}],"version-history":[{"count":3,"href":"https:\/\/www.clairfield.com\/nl\/wp-json\/wp\/v2\/pages\/52632\/revisions"}],"predecessor-version":[{"id":53622,"href":"https:\/\/www.clairfield.com\/nl\/wp-json\/wp\/v2\/pages\/52632\/revisions\/53622"}],"up":[{"embeddable":true,"href":"https:\/\/www.clairfield.com\/nl\/wp-json\/wp\/v2\/pages\/52659"}],"wp:attachment":[{"href":"https:\/\/www.clairfield.com\/nl\/wp-json\/wp\/v2\/media?parent=52632"}],"curies":[{"name":"wp","href":"https:\/\/api.w.org\/{rel}","templated":true}]}}